{"id":1306,"date":"2025-06-18T13:37:02","date_gmt":"2025-06-18T11:37:02","guid":{"rendered":"https:\/\/eazy-vital-world.com\/concierta-una-cita\/"},"modified":"2026-03-06T15:20:44","modified_gmt":"2026-03-06T14:20:44","slug":"concierta-una-cita","status":"publish","type":"page","link":"https:\/\/eazy-vital-world.com\/es\/concierta-una-cita\/","title":{"rendered":"Concierta una cita"},"content":{"rendered":"\t\t<div data-elementor-type=\"wp-page\" data-elementor-id=\"1306\" class=\"elementor elementor-1306 elementor-967\" data-elementor-post-type=\"page\">\n\t\t\t\t<div class=\"elementor-element elementor-element-476aa59 e-con-full e-flex e-con e-parent\" data-id=\"476aa59\" data-element_type=\"container\" data-e-type=\"container\" data-settings=\"{&quot;jet_parallax_layout_list&quot;:[],&quot;background_background&quot;:&quot;gradient&quot;}\">\n\t\t<div class=\"elementor-element elementor-element-1cb925e e-con-full e-flex e-con e-child\" data-id=\"1cb925e\" data-element_type=\"container\" data-e-type=\"container\" data-settings=\"{&quot;background_background&quot;:&quot;classic&quot;,&quot;jet_parallax_layout_list&quot;:[],&quot;background_motion_fx_motion_fx_scrolling&quot;:&quot;yes&quot;,&quot;background_motion_fx_scale_effect&quot;:&quot;yes&quot;,&quot;background_motion_fx_scale_speed&quot;:{&quot;unit&quot;:&quot;px&quot;,&quot;size&quot;:3,&quot;sizes&quot;:[]},&quot;background_motion_fx_scale_direction&quot;:&quot;out-in&quot;,&quot;background_motion_fx_scale_range&quot;:{&quot;unit&quot;:&quot;%&quot;,&quot;size&quot;:&quot;&quot;,&quot;sizes&quot;:{&quot;start&quot;:20,&quot;end&quot;:80}},&quot;background_motion_fx_devices&quot;:[&quot;widescreen&quot;,&quot;desktop&quot;,&quot;laptop&quot;,&quot;tablet&quot;,&quot;mobile&quot;]}\">\n\t\t\t\t<div class=\"elementor-element elementor-element-02fe86b elementor-widget elementor-widget-heading\" data-id=\"02fe86b\" data-element_type=\"widget\" data-e-type=\"widget\" data-widget_type=\"heading.default\">\n\t\t\t\t\t<h1 class=\"elementor-heading-title elementor-size-default\">Concierta una cita<\/h1>\t\t\t\t<\/div>\n\t\t\t\t<\/div>\n\t\t\t\t<\/div>\n\t\t<div class=\"elementor-element elementor-element-d90fb1d e-flex e-con-boxed e-con e-parent\" data-id=\"d90fb1d\" data-element_type=\"container\" data-e-type=\"container\" data-settings=\"{&quot;jet_parallax_layout_list&quot;:[],&quot;background_background&quot;:&quot;classic&quot;}\">\n\t\t\t\t\t<div class=\"e-con-inner\">\n\t\t<div class=\"elementor-element elementor-element-03678dd e-con-full e-flex e-con e-child\" data-id=\"03678dd\" data-element_type=\"container\" data-e-type=\"container\" data-settings=\"{&quot;jet_parallax_layout_list&quot;:[]}\">\n\t\t\t\t<div class=\"elementor-element elementor-element-30804bd elementor-widget elementor-widget-stepbooking\" data-id=\"30804bd\" data-element_type=\"widget\" data-e-type=\"widget\" data-widget_type=\"stepbooking.default\">\n\t\t\t\t<div class=\"elementor-widget-container\">\n\t\t\t\t\t\n<script>\n  if (typeof hasAmeliaEntitiesApiCall === 'undefined' && ('' === '' && '' !== '1')) {\n    var hasAmeliaEntitiesApiCall = true;\n  }\n  var ameliaShortcodeData = (typeof ameliaShortcodeData === 'undefined') ? [] : ameliaShortcodeData;\n  ameliaShortcodeData.push(\n    {\n      'hasApiCall': (typeof hasAmeliaEntitiesApiCall !== 'undefined') && hasAmeliaEntitiesApiCall,\n      'trigger': '',\n      'trigger_type': '',\n      'triggered_form': 'sbsNew',\n      'in_dialog': '',\n      'show': '',\n      'counter': '1000',\n      'category': '',\n      'service': '1',\n      'employee': '',\n      'location': '',\n      'package': '',\n      'layout': '1',\n    }\n  );\n\n  var ameliaShortcodeDataTriggered = (typeof ameliaShortcodeDataTriggered === 'undefined') ? [] : ameliaShortcodeDataTriggered;\n  if (ameliaShortcodeData[ameliaShortcodeData.length - 1].trigger !== '') {\n    if (ameliaShortcodeDataTriggered.filter(a => a.counter === ameliaShortcodeData[ameliaShortcodeData.length - 1].counter).length === 0) {\n      ameliaShortcodeDataTriggered.push(ameliaShortcodeData.pop());\n    } else {\n      ameliaShortcodeData.pop()\n    }\n  }\n  if (typeof hasAmeliaEntitiesApiCall !== 'undefined' && hasAmeliaEntitiesApiCall) {\n    hasAmeliaEntitiesApiCall = false;\n  }\n<\/script>\n\n<div\n  id=\"amelia-v2-booking-1000\"\n  class=\"amelia-v2-booking\"\n >\n    <step-form-wrapper><\/step-form-wrapper><\/div>\n\t\t\t\t<\/div>\n\t\t\t\t<\/div>\n\t\t\t\t<\/div>\n\t\t<div class=\"elementor-element elementor-element-ae33093 e-con-full e-flex e-con e-child\" data-id=\"ae33093\" data-element_type=\"container\" data-e-type=\"container\" data-settings=\"{&quot;jet_parallax_layout_list&quot;:[]}\">\n\t\t\t\t<div class=\"elementor-element elementor-element-58f8078 elementor-widget elementor-widget-ucaddon_uc_material_bullets\" data-id=\"58f8078\" data-element_type=\"widget\" data-e-type=\"widget\" data-widget_type=\"ucaddon_uc_material_bullets.default\">\n\t\t\t\t<div class=\"elementor-widget-container\">\n\t\t\t\t\t\n<!-- start Icon Bullets -->\n\t\t<link id='font-awesome-css' href='https:\/\/eazy-vital-world.com\/wp-content\/plugins\/unlimited-elements-for-elementor-premium\/assets_libraries\/font-awesome6\/fontawesome-all.min.css' type='text\/css' rel='stylesheet' >\n\t\t<link id='font-awesome-4-shim-css' href='https:\/\/eazy-vital-world.com\/wp-content\/plugins\/unlimited-elements-for-elementor-premium\/assets_libraries\/font-awesome6\/fontawesome-v4-shims.min.css' type='text\/css' rel='stylesheet' >\n\n<style>\/* widget: Icon Bullets *\/\n\n\n\n#uc_uc_material_bullets_elementor_58f8078 *{\n\t-webkit-box-sizing: border-box;\n\t-moz-box-sizing: border-box;\n\tbox-sizing: border-box;\n}\n\n#uc_uc_material_bullets_elementor_58f8078 .ue-icon-wrapper{\n\tdisplay: flex;\n}\n\n#uc_uc_material_bullets_elementor_58f8078 .ue-icon{\n  display:flex;\n  align-items:center;\n  justify-content:center;\n  flex-grow:0;\n  flex-shrink:0;\n  line-height:1em;\n  transition:0.3s;\n}\n\n#uc_uc_material_bullets_elementor_58f8078 .ue-icon svg{\n  height:1em;\n  width:1em;\n}\n\n#uc_uc_material_bullets_elementor_58f8078 .uc_material_bullets_row{\n\tfont-weight:400;\n\toverflow:hidden;\n\tdisplay:flex;\n\tposition:relative;\n\ttext-align:left;\n\twidth:100%;   \n    transition:0.3s;\n}\n\n#uc_uc_material_bullets_elementor_58f8078 .uc_material_bullets_row a.ue-item-link{\n  position:absolute;\n  display:block;\n  top:0;\n  right:0;\n  left:0;\n  bottom:0;\n}\n\n#uc_uc_material_bullets_elementor_58f8078 .uc_material_bullets_row:last-child{\n\tmargin-bottom:0px !important;\n}\n\n\n#uc_uc_material_bullets_elementor_58f8078 .uc_material_bullets_row {\n\tposition:relative;\n\tvertical-align:middle;\n}\n\n#uc_uc_material_bullets_elementor_58f8078 .uc_material_bullets_row .uc_content_box{\n\tdisplay:flex;\n    flex-direction:column;\n    justify-content:center;\n    align-items: flex-start;\n    flex-grow:1;\n}\n\n#uc_uc_material_bullets_elementor_58f8078 .ue-bullets{\n  display:grid;\n}\n\n#uc_uc_material_bullets_elementor_58f8078 .ue-text, \n#uc_uc_material_bullets_elementor_58f8078 .ue-title, \n#uc_uc_material_bullets_elementor_58f8078 .ue-seperator{\n  width:100%;\n}\n\n#uc_uc_material_bullets_elementor_58f8078 .ue-seperator-line{\n  display:inline-block;\n  font-size:0px;\n}\n\n#uc_uc_material_bullets_elementor_58f8078 .ue-seperator{\n  font-size:0px;\n}\n\n#uc_uc_material_bullets_elementor_58f8078.uc-remote-parent .uc_material_bullets_row{\n  cursor:pointer;\n}\n\n.ue-title{\n  font-size:21px;\n  margin:0;\n}\n\n#uc_uc_material_bullets_elementor_58f8078 .uc_content_box > *{\n  transition: all .3s;\n}\n\n<\/style>\n\n<div class=\"uc_material_bullets  \"  id=\"uc_uc_material_bullets_elementor_58f8078\"  >   \t\n    \t<div class=\"ue-bullets uc-items-wrapper\">\n          \t<div class=\"uc_material_bullets_row elementor-repeater-item-f5c560d\">\n  <div class=\"ue-icon-wrapper\">\n              <div class=\"ue-icon\">\n                    <svg xmlns=\"http:\/\/www.w3.org\/2000\/svg\" xmlns:xlink=\"http:\/\/www.w3.org\/1999\/xlink\" id=\"uuid-e069c6eb-cd1b-4bfa-a3dd-6b3e6a61a0c6\" data-name=\"Ebene 2\" width=\"95.02\" height=\"26.56\" viewBox=\"0 0 95.02 26.56\"><defs><style>      .uuid-588c3c1c-4ebb-41c8-b2c7-b33980e906ef {        fill: none;      }      .uuid-359cdd6c-c730-4012-8c0d-85ea1078901c {        fill: url(#uuid-451f4531-c5f7-4aa6-abf8-66d033ed0691);      }      .uuid-9379f530-9051-48ed-9a8e-3e9596c415f8 {        clip-path: url(#uuid-e9719bd1-1ac9-441b-a34b-53dcbe41a745);      }    <\/style><clipPath id=\"uuid-e9719bd1-1ac9-441b-a34b-53dcbe41a745\"><path class=\"uuid-588c3c1c-4ebb-41c8-b2c7-b33980e906ef\" d=\"M56.15,5.22c3.1-1.87,6.65-3.33,10.16-3.33,9.81,0,21.4,11.36,21.4,11.36,0,0-11.34,10.96-21.1,10.96C51.07,24.21,45.65.08,24.92.08,13.14.08,0,13.31,0,13.31c0,0,13.51,13.25,24.96,13.25,4.9,0,9.86-2.44,13.92-5.22-3.1,1.87-6.65,3.33-10.16,3.33-9.81,0-21.4-11.36-21.4-11.36,0,0,11.34-10.96,21.1-10.96,16.72,0,21.71,24.13,41.68,24.13,11.78,0,24.92-13.23,24.92-13.23,0,0-13.51-13.25-24.96-13.25-4.9,0-9.86,2.44-13.92,5.22h0Z\"><\/path><\/clipPath><linearGradient id=\"uuid-451f4531-c5f7-4aa6-abf8-66d033ed0691\" data-name=\"Unbenannter Verlauf 2\" x1=\"-15.91\" y1=\"469.83\" x2=\"-15.91\" y2=\"468.83\" gradientTransform=\"translate(1558.99 12479.12) scale(95.03 -26.56)\" gradientUnits=\"userSpaceOnUse\"><stop offset=\"0\" stop-color=\"#d6bd85\"><\/stop><stop offset=\"1\" stop-color=\"#c69147\"><\/stop><\/linearGradient><\/defs><g id=\"uuid-ca5b3a1a-de0c-4f0f-b3de-fe606f6d7de3\" data-name=\"Ebene 1\"><g id=\"uuid-2c452077-bcfb-498e-ab7f-ccf61c3cb158\" data-name=\"Gruppe 12290\"><g id=\"uuid-a1dbc64a-a89c-4e1c-acea-a0418a9fcbdd\" data-name=\"Gruppe 11928-2\"><g id=\"uuid-d02df9ff-b895-4192-8f63-9cd262cbd741\" data-name=\"Gruppe 11916-3\"><g class=\"uuid-9379f530-9051-48ed-9a8e-3e9596c415f8\"><g id=\"uuid-aae35dfd-dcff-47ed-96fc-8ea0918c1b1f\" data-name=\"Gruppe 11915-3\"><rect id=\"uuid-704527f0-b2f1-444c-a478-3584deb54c5d\" data-name=\"Rechteck 2367-3\" class=\"uuid-359cdd6c-c730-4012-8c0d-85ea1078901c\" y=\"0\" width=\"95.03\" height=\"26.56\"><\/rect><\/g><\/g><\/g><\/g><\/g><\/g><\/svg>                    \t\n\n                \n              <\/div>\n  <\/div>\n  <div class=\"uc_content_box uc_ceal\">\n    <div class=\"ue-title\">Tratamiento de Conocimiento<br>Bodyforming<\/div>\n    \n    \t\n    \n    <div class=\"ue-text\"><\/div>\t\n  <\/div>\n    \t\n<\/div>\n\n      <\/div>\n<\/div>\n<!-- end Icon Bullets -->\t\t\t\t<\/div>\n\t\t\t\t<\/div>\n\t\t\t\t<div class=\"elementor-element elementor-element-97f518c elementor-widget elementor-widget-text-editor\" data-id=\"97f518c\" data-element_type=\"widget\" data-e-type=\"widget\" data-widget_type=\"text-editor.default\">\n\t\t\t\t\t\t\t\t\t<p class=\"p1\"><strong>Para iniciar un cambio, se necesita confianza, comprensi\u00f3n y un primer paso. Nuestro tratamiento exclusivo de conocimiento est\u00e1 pensado exactamente para eso: <\/strong> es la introducci\u00f3n ideal para conocer la filosof\u00eda de Eazy Vital World y nuestras tecnolog\u00edas modernas, en un ambiente relajado y completamente adaptado a usted. Por solo 99 \u20ac la cita incluye:<\/p><ul><li class=\"p1\">una consulta personal en la que entendemos sus metas y deseos,<\/li><li class=\"p1\">una anamnesis detallada que considera sus condiciones individuales,<\/li><li class=\"p1\">un primer tratamiento adaptado a usted, <\/li><li class=\"p1\">as\u00ed como un drenaje linf\u00e1tico que estimula su metabolismo y alivia suavemente el cuerpo.<\/li><\/ul><p class=\"p1\">Esta cita le da la posibilidad de experimentar directamente el efecto de nuestras aplicaciones y conocer todo el concepto. Si en esta cita ya se decide por uno de nuestros programas, puede comenzar de inmediato, sin tiempo de espera. <\/p>\t\t\t\t\t\t\t\t<\/div>\n\t\t\t\t<div class=\"elementor-element elementor-element-0b91878 elementor-widget elementor-widget-text-editor\" data-id=\"0b91878\" data-element_type=\"widget\" data-e-type=\"widget\" data-widget_type=\"text-editor.default\">\n\t\t\t\t\t\t\t\t\t<p class=\"p1\">As\u00ed no solo experimenta una primera impresi\u00f3n completa, sino que al mismo tiempo sienta las bases para su camino personal hacia m\u00e1s ligereza, contorno y bienestar.<\/p>\t\t\t\t\t\t\t\t<\/div>\n\t\t\t\t<\/div>\n\t\t\t\t\t<\/div>\n\t\t\t\t<\/div>\n\t\t<div class=\"elementor-element elementor-element-2e0dde6 e-con-full e-flex e-con e-parent\" data-id=\"2e0dde6\" data-element_type=\"container\" data-e-type=\"container\" id=\"folgebehandlung\" data-settings=\"{&quot;jet_parallax_layout_list&quot;:[],&quot;background_background&quot;:&quot;gradient&quot;}\">\n\t\t<div class=\"elementor-element elementor-element-f9f1ad8 e-flex e-con-boxed e-con e-child\" data-id=\"f9f1ad8\" data-element_type=\"container\" data-e-type=\"container\" data-settings=\"{&quot;jet_parallax_layout_list&quot;:[]}\">\n\t\t\t\t\t<div class=\"e-con-inner\">\n\t\t\t\t<div class=\"elementor-element elementor-element-e9ef1c7 elementor-widget elementor-widget-jet-headline\" data-id=\"e9ef1c7\" data-element_type=\"widget\" data-e-type=\"widget\" data-widget_type=\"jet-headline.default\">\n\t\t\t\t<div class=\"elementor-widget-container\">\n\t\t\t\t\t<h2 class=\"jet-headline jet-headline--direction-vertical\"><span class=\"jet-headline__part jet-headline__first\"><span class=\"jet-headline__label\">Tratamientos de seguimiento<\/span><\/span><span class=\"jet-headline__part jet-headline__second\"><span class=\"jet-headline__label\">Nuestros programas enfocados para sus objetivos<\/span><\/span><\/h2>\t\t\t\t<\/div>\n\t\t\t\t<\/div>\n\t\t<div class=\"elementor-element elementor-element-3f60ae5 e-con-full e-flex e-con e-child\" data-id=\"3f60ae5\" data-element_type=\"container\" data-e-type=\"container\" data-settings=\"{&quot;jet_parallax_layout_list&quot;:[]}\">\n\t\t<div class=\"elementor-element elementor-element-3a8fc5d e-con-full e-flex e-con e-child\" data-id=\"3a8fc5d\" data-element_type=\"container\" data-e-type=\"container\" data-settings=\"{&quot;jet_parallax_layout_list&quot;:[]}\">\n\t\t<div class=\"elementor-element elementor-element-8e82051 e-con-full e-flex e-con e-child\" data-id=\"8e82051\" data-element_type=\"container\" data-e-type=\"container\" data-settings=\"{&quot;jet_parallax_layout_list&quot;:[]}\">\n\t\t\t\t<div class=\"elementor-element elementor-element-8bb6907 elementor-widget elementor-widget-text-editor\" data-id=\"8bb6907\" data-element_type=\"widget\" data-e-type=\"widget\" data-widget_type=\"text-editor.default\">\n\t\t\t\t\t\t\t\t\t<p><strong>Nuestros tratamientos de seguimiento para clientes ya registrados ofrecen la posibilidad de seleccionar programas especializados para alcanzar objetivos individuales.<\/strong> Por favor, elija solo un programa por cita. En \u00abM\u00e1s informaci\u00f3n\u00bb puede ver detalles sobre el programa y la duraci\u00f3n correspondiente. <\/p>\t\t\t\t\t\t\t\t<\/div>\n\t\t\t\t<div class=\"elementor-element elementor-element-b5eed76 elementor-widget elementor-widget-text-editor\" data-id=\"b5eed76\" data-element_type=\"widget\" data-e-type=\"widget\" data-widget_type=\"text-editor.default\">\n\t\t\t\t\t\t\t\t\t<p>Reserve ahora su espacio para un tratamiento y elija un programa que lo acerque a la figura deseada.<\/p>\t\t\t\t\t\t\t\t<\/div>\n\t\t\t\t<\/div>\n\t\t<div class=\"elementor-element elementor-element-a713cf3 e-con-full e-flex e-con e-child\" data-id=\"a713cf3\" data-element_type=\"container\" data-e-type=\"container\" data-settings=\"{&quot;background_background&quot;:&quot;classic&quot;,&quot;jet_parallax_layout_list&quot;:[]}\">\n\t\t\t\t<div class=\"elementor-element elementor-element-20c67e6 elementor-widget elementor-widget-stepbooking\" data-id=\"20c67e6\" data-element_type=\"widget\" data-e-type=\"widget\" id=\"zusatzprogramme\" data-widget_type=\"stepbooking.default\">\n\t\t\t\t<div class=\"elementor-widget-container\">\n\t\t\t\t\t\n<script>\n  if (typeof hasAmeliaEntitiesApiCall === 'undefined' && ('' === '' && '' !== '1')) {\n    var hasAmeliaEntitiesApiCall = true;\n  }\n  var ameliaShortcodeData = (typeof ameliaShortcodeData === 'undefined') ? [] : ameliaShortcodeData;\n  ameliaShortcodeData.push(\n    {\n      'hasApiCall': (typeof hasAmeliaEntitiesApiCall !== 'undefined') && hasAmeliaEntitiesApiCall,\n      'trigger': '',\n      'trigger_type': '',\n      'triggered_form': 'sbsNew',\n      'in_dialog': '',\n      'show': '',\n      'counter': '1001',\n      'category': '',\n      'service': '13',\n      'employee': '',\n      'location': '',\n      'package': '',\n      'layout': '1',\n    }\n  );\n\n  var ameliaShortcodeDataTriggered = (typeof ameliaShortcodeDataTriggered === 'undefined') ? [] : ameliaShortcodeDataTriggered;\n  if (ameliaShortcodeData[ameliaShortcodeData.length - 1].trigger !== '') {\n    if (ameliaShortcodeDataTriggered.filter(a => a.counter === ameliaShortcodeData[ameliaShortcodeData.length - 1].counter).length === 0) {\n      ameliaShortcodeDataTriggered.push(ameliaShortcodeData.pop());\n    } else {\n      ameliaShortcodeData.pop()\n    }\n  }\n  if (typeof hasAmeliaEntitiesApiCall !== 'undefined' && hasAmeliaEntitiesApiCall) {\n    hasAmeliaEntitiesApiCall = false;\n  }\n<\/script>\n\n<div\n  id=\"amelia-v2-booking-1001\"\n  class=\"amelia-v2-booking\"\n >\n    <step-form-wrapper><\/step-form-wrapper><\/div>\n\t\t\t\t<\/div>\n\t\t\t\t<\/div>\n\t\t\t\t<\/div>\n\t\t\t\t<\/div>\n\t\t\t\t<\/div>\n\t\t\t\t\t<\/div>\n\t\t\t\t<\/div>\n\t\t\t\t<\/div>\n\t\t\t\t<\/div>\n\t\t","protected":false},"excerpt":{"rendered":"<p>Concierta una cita Tratamiento de ConocimientoBodyforming Para iniciar un cambio, se necesita confianza, comprensi\u00f3n y un primer paso. Nuestro tratamiento exclusivo de conocimiento est\u00e1 pensado exactamente para eso: es la introducci\u00f3n ideal para conocer la filosof\u00eda de Eazy Vital World y nuestras tecnolog\u00edas modernas, en un ambiente relajado y completamente adaptado a usted. Por solo [&hellip;]<\/p>\n","protected":false},"author":7,"featured_media":0,"parent":0,"menu_order":0,"comment_status":"closed","ping_status":"closed","template":"elementor_theme","meta":{"footnotes":""},"class_list":["post-1306","page","type-page","status-publish","hentry"],"yoast_head":"<!-- This site is optimized with the Yoast SEO plugin v27.2 - https:\/\/yoast.com\/product\/yoast-seo-wordpress\/ -->\n<title>Concierta una cita - Eazy Vital World<\/title>\n<meta name=\"robots\" content=\"index, follow, max-snippet:-1, max-image-preview:large, max-video-preview:-1\" \/>\n<link rel=\"canonical\" href=\"https:\/\/eazy-vital-world.com\/es\/concierta-una-cita\/\" \/>\n<meta property=\"og:locale\" content=\"es_ES\" \/>\n<meta property=\"og:type\" content=\"article\" \/>\n<meta property=\"og:title\" content=\"Concierta una cita - Eazy Vital World\" \/>\n<meta property=\"og:description\" content=\"Concierta una cita Tratamiento de ConocimientoBodyforming Para iniciar un cambio, se necesita confianza, comprensi\u00f3n y un primer paso. Nuestro tratamiento exclusivo de conocimiento est\u00e1 pensado exactamente para eso: es la introducci\u00f3n ideal para conocer la filosof\u00eda de Eazy Vital World y nuestras tecnolog\u00edas modernas, en un ambiente relajado y completamente adaptado a usted. Por solo [&hellip;]\" \/>\n<meta property=\"og:url\" content=\"https:\/\/eazy-vital-world.com\/es\/concierta-una-cita\/\" \/>\n<meta property=\"og:site_name\" content=\"Eazy Vital World\" \/>\n<meta property=\"article:modified_time\" content=\"2026-03-06T14:20:44+00:00\" \/>\n<meta name=\"twitter:card\" content=\"summary_large_image\" \/>\n<meta name=\"twitter:label1\" content=\"Tiempo de lectura\" \/>\n\t<meta name=\"twitter:data1\" content=\"1 minuto\" \/>\n<script type=\"application\/ld+json\" class=\"yoast-schema-graph\">{\"@context\":\"https:\/\/schema.org\",\"@graph\":[{\"@type\":\"WebPage\",\"@id\":\"https:\/\/eazy-vital-world.com\/es\/concierta-una-cita\/\",\"url\":\"https:\/\/eazy-vital-world.com\/es\/concierta-una-cita\/\",\"name\":\"Concierta una cita - Eazy Vital World\",\"isPartOf\":{\"@id\":\"https:\/\/eazy-vital-world.com\/es\/#website\"},\"datePublished\":\"2025-06-18T11:37:02+00:00\",\"dateModified\":\"2026-03-06T14:20:44+00:00\",\"breadcrumb\":{\"@id\":\"https:\/\/eazy-vital-world.com\/es\/concierta-una-cita\/#breadcrumb\"},\"inLanguage\":\"es\",\"potentialAction\":[{\"@type\":\"ReadAction\",\"target\":[\"https:\/\/eazy-vital-world.com\/es\/concierta-una-cita\/\"]}]},{\"@type\":\"BreadcrumbList\",\"@id\":\"https:\/\/eazy-vital-world.com\/es\/concierta-una-cita\/#breadcrumb\",\"itemListElement\":[{\"@type\":\"ListItem\",\"position\":1,\"name\":\"Home\",\"item\":\"https:\/\/eazy-vital-world.com\/es\/inicio\/\"},{\"@type\":\"ListItem\",\"position\":2,\"name\":\"Concierta una cita\"}]},{\"@type\":\"WebSite\",\"@id\":\"https:\/\/eazy-vital-world.com\/es\/#website\",\"url\":\"https:\/\/eazy-vital-world.com\/es\/\",\"name\":\"Eazy Vital World\",\"description\":\"Entspannt zur Traumfigur\",\"publisher\":{\"@id\":\"https:\/\/eazy-vital-world.com\/es\/#organization\"},\"potentialAction\":[{\"@type\":\"SearchAction\",\"target\":{\"@type\":\"EntryPoint\",\"urlTemplate\":\"https:\/\/eazy-vital-world.com\/es\/?s={search_term_string}\"},\"query-input\":{\"@type\":\"PropertyValueSpecification\",\"valueRequired\":true,\"valueName\":\"search_term_string\"}}],\"inLanguage\":\"es\"},{\"@type\":\"Organization\",\"@id\":\"https:\/\/eazy-vital-world.com\/es\/#organization\",\"name\":\"Eazy Vital World\",\"url\":\"https:\/\/eazy-vital-world.com\/es\/\",\"logo\":{\"@type\":\"ImageObject\",\"inLanguage\":\"es\",\"@id\":\"https:\/\/eazy-vital-world.com\/es\/#\/schema\/logo\/image\/\",\"url\":\"https:\/\/eazy-vital-world.com\/wp-content\/uploads\/2020\/06\/logo_eazyvital_quer_color-negativ.svg\",\"contentUrl\":\"https:\/\/eazy-vital-world.com\/wp-content\/uploads\/2020\/06\/logo_eazyvital_quer_color-negativ.svg\",\"width\":697.06,\"height\":224.66,\"caption\":\"Eazy Vital World\"},\"image\":{\"@id\":\"https:\/\/eazy-vital-world.com\/es\/#\/schema\/logo\/image\/\"}}]}<\/script>\n<!-- \/ Yoast SEO plugin. -->","yoast_head_json":{"title":"Concierta una cita - Eazy Vital World","robots":{"index":"index","follow":"follow","max-snippet":"max-snippet:-1","max-image-preview":"max-image-preview:large","max-video-preview":"max-video-preview:-1"},"canonical":"https:\/\/eazy-vital-world.com\/es\/concierta-una-cita\/","og_locale":"es_ES","og_type":"article","og_title":"Concierta una cita - Eazy Vital World","og_description":"Concierta una cita Tratamiento de ConocimientoBodyforming Para iniciar un cambio, se necesita confianza, comprensi\u00f3n y un primer paso. Nuestro tratamiento exclusivo de conocimiento est\u00e1 pensado exactamente para eso: es la introducci\u00f3n ideal para conocer la filosof\u00eda de Eazy Vital World y nuestras tecnolog\u00edas modernas, en un ambiente relajado y completamente adaptado a usted. Por solo [&hellip;]","og_url":"https:\/\/eazy-vital-world.com\/es\/concierta-una-cita\/","og_site_name":"Eazy Vital World","article_modified_time":"2026-03-06T14:20:44+00:00","twitter_card":"summary_large_image","twitter_misc":{"Tiempo de lectura":"1 minuto"},"schema":{"@context":"https:\/\/schema.org","@graph":[{"@type":"WebPage","@id":"https:\/\/eazy-vital-world.com\/es\/concierta-una-cita\/","url":"https:\/\/eazy-vital-world.com\/es\/concierta-una-cita\/","name":"Concierta una cita - Eazy Vital World","isPartOf":{"@id":"https:\/\/eazy-vital-world.com\/es\/#website"},"datePublished":"2025-06-18T11:37:02+00:00","dateModified":"2026-03-06T14:20:44+00:00","breadcrumb":{"@id":"https:\/\/eazy-vital-world.com\/es\/concierta-una-cita\/#breadcrumb"},"inLanguage":"es","potentialAction":[{"@type":"ReadAction","target":["https:\/\/eazy-vital-world.com\/es\/concierta-una-cita\/"]}]},{"@type":"BreadcrumbList","@id":"https:\/\/eazy-vital-world.com\/es\/concierta-una-cita\/#breadcrumb","itemListElement":[{"@type":"ListItem","position":1,"name":"Home","item":"https:\/\/eazy-vital-world.com\/es\/inicio\/"},{"@type":"ListItem","position":2,"name":"Concierta una cita"}]},{"@type":"WebSite","@id":"https:\/\/eazy-vital-world.com\/es\/#website","url":"https:\/\/eazy-vital-world.com\/es\/","name":"Eazy Vital World","description":"Entspannt zur Traumfigur","publisher":{"@id":"https:\/\/eazy-vital-world.com\/es\/#organization"},"potentialAction":[{"@type":"SearchAction","target":{"@type":"EntryPoint","urlTemplate":"https:\/\/eazy-vital-world.com\/es\/?s={search_term_string}"},"query-input":{"@type":"PropertyValueSpecification","valueRequired":true,"valueName":"search_term_string"}}],"inLanguage":"es"},{"@type":"Organization","@id":"https:\/\/eazy-vital-world.com\/es\/#organization","name":"Eazy Vital World","url":"https:\/\/eazy-vital-world.com\/es\/","logo":{"@type":"ImageObject","inLanguage":"es","@id":"https:\/\/eazy-vital-world.com\/es\/#\/schema\/logo\/image\/","url":"https:\/\/eazy-vital-world.com\/wp-content\/uploads\/2020\/06\/logo_eazyvital_quer_color-negativ.svg","contentUrl":"https:\/\/eazy-vital-world.com\/wp-content\/uploads\/2020\/06\/logo_eazyvital_quer_color-negativ.svg","width":697.06,"height":224.66,"caption":"Eazy Vital World"},"image":{"@id":"https:\/\/eazy-vital-world.com\/es\/#\/schema\/logo\/image\/"}}]}},"_links":{"self":[{"href":"https:\/\/eazy-vital-world.com\/es\/wp-json\/wp\/v2\/pages\/1306","targetHints":{"allow":["GET"]}}],"collection":[{"href":"https:\/\/eazy-vital-world.com\/es\/wp-json\/wp\/v2\/pages"}],"about":[{"href":"https:\/\/eazy-vital-world.com\/es\/wp-json\/wp\/v2\/types\/page"}],"author":[{"embeddable":true,"href":"https:\/\/eazy-vital-world.com\/es\/wp-json\/wp\/v2\/users\/7"}],"replies":[{"embeddable":true,"href":"https:\/\/eazy-vital-world.com\/es\/wp-json\/wp\/v2\/comments?post=1306"}],"version-history":[{"count":19,"href":"https:\/\/eazy-vital-world.com\/es\/wp-json\/wp\/v2\/pages\/1306\/revisions"}],"predecessor-version":[{"id":1918,"href":"https:\/\/eazy-vital-world.com\/es\/wp-json\/wp\/v2\/pages\/1306\/revisions\/1918"}],"wp:attachment":[{"href":"https:\/\/eazy-vital-world.com\/es\/wp-json\/wp\/v2\/media?parent=1306"}],"curies":[{"name":"wp","href":"https:\/\/api.w.org\/{rel}","templated":true}]}}