{"id":1363,"date":"2020-06-22T19:53:05","date_gmt":"2020-06-22T19:53:05","guid":{"rendered":"https:\/\/eazy-vital-world.com\/proteccion-de-datos\/"},"modified":"2025-10-01T18:30:36","modified_gmt":"2025-10-01T16:30:36","slug":"proteccion-de-datos","status":"publish","type":"page","link":"https:\/\/eazy-vital-world.com\/es\/proteccion-de-datos\/","title":{"rendered":"Protecci\u00f3n de datos"},"content":{"rendered":"\t\t<div data-elementor-type=\"wp-page\" data-elementor-id=\"1363\" class=\"elementor elementor-1363 elementor-3\" data-elementor-post-type=\"page\">\n\t\t\t\t<div class=\"elementor-element elementor-element-99181a5 e-con-full e-flex e-con e-parent\" data-id=\"99181a5\" data-element_type=\"container\" data-e-type=\"container\" data-settings=\"{&quot;jet_parallax_layout_list&quot;:[],&quot;background_background&quot;:&quot;gradient&quot;}\">\n\t\t<div class=\"elementor-element elementor-element-e2d4a8c e-con-full e-flex e-con e-child\" data-id=\"e2d4a8c\" data-element_type=\"container\" data-e-type=\"container\" data-settings=\"{&quot;background_background&quot;:&quot;classic&quot;,&quot;jet_parallax_layout_list&quot;:[],&quot;background_motion_fx_motion_fx_scrolling&quot;:&quot;yes&quot;,&quot;background_motion_fx_scale_effect&quot;:&quot;yes&quot;,&quot;background_motion_fx_scale_speed&quot;:{&quot;unit&quot;:&quot;px&quot;,&quot;size&quot;:3,&quot;sizes&quot;:[]},&quot;background_motion_fx_scale_direction&quot;:&quot;out-in&quot;,&quot;background_motion_fx_scale_range&quot;:{&quot;unit&quot;:&quot;%&quot;,&quot;size&quot;:&quot;&quot;,&quot;sizes&quot;:{&quot;start&quot;:20,&quot;end&quot;:80}},&quot;background_motion_fx_devices&quot;:[&quot;widescreen&quot;,&quot;desktop&quot;,&quot;laptop&quot;,&quot;tablet&quot;,&quot;mobile&quot;]}\">\n\t\t\t\t<div class=\"elementor-element elementor-element-0d42bfe elementor-widget elementor-widget-heading\" data-id=\"0d42bfe\" data-element_type=\"widget\" data-e-type=\"widget\" data-widget_type=\"heading.default\">\n\t\t\t\t\t<h1 class=\"elementor-heading-title elementor-size-default\">Declaraci\u00f3n de protecci\u00f3n de datos<\/h1>\t\t\t\t<\/div>\n\t\t\t\t<\/div>\n\t\t\t\t<\/div>\n\t\t<div class=\"elementor-element elementor-element-fe34a17 e-con-full e-flex e-con e-parent\" data-id=\"fe34a17\" data-element_type=\"container\" data-e-type=\"container\" data-settings=\"{&quot;jet_parallax_layout_list&quot;:[],&quot;background_background&quot;:&quot;classic&quot;}\">\n\t\t\t\t<div class=\"elementor-element elementor-element-97c1ecb elementor-widget elementor-widget-heading\" data-id=\"97c1ecb\" data-element_type=\"widget\" data-e-type=\"widget\" data-widget_type=\"heading.default\">\n\t\t\t\t\t<h2 class=\"elementor-heading-title elementor-size-default\">Aviso general e informaci\u00f3n obligatoria<\/h2>\t\t\t\t<\/div>\n\t\t\t\t<div class=\"elementor-element elementor-element-7e4ca46 elementor-widget elementor-widget-heading\" data-id=\"7e4ca46\" data-element_type=\"widget\" data-e-type=\"widget\" data-widget_type=\"heading.default\">\n\t\t\t\t\t<h3 class=\"elementor-heading-title elementor-size-default\">Denominaci\u00f3n del organismo responsable<\/h3>\t\t\t\t<\/div>\n\t\t\t\t<div class=\"elementor-element elementor-element-a986f9e elementor-widget elementor-widget-text-editor\" data-id=\"a986f9e\" data-element_type=\"widget\" data-e-type=\"widget\" data-widget_type=\"text-editor.default\">\n\t\t\t\t\t\t\t\t\t<p>El responsable del tratamiento de los datos en este sitio web es:<\/p><p><span id=\"s3-t-firma\">Eazy Vial World S.L.<\/span><br><span id=\"s3-t-ansprechpartner\">Henry Jeschke<\/span><br><span id=\"s3-t-strasse\">Carrer Gran Via Puig Casellet 1, Bloque 2<\/span><br><span id=\"s3-t-plz\">07180<\/span> <span id=\"s3-t-ort\">Santa Pon\u00e7a<\/span><\/p><p>El responsable decide, solo o junto con otros, los fines y medios del tratamiento de los datos personales (por ejemplo, nombres, datos de contacto, etc.).<\/p>\t\t\t\t\t\t\t\t<\/div>\n\t\t\t\t<div class=\"elementor-element elementor-element-4de3682 elementor-widget elementor-widget-heading\" data-id=\"4de3682\" data-element_type=\"widget\" data-e-type=\"widget\" data-widget_type=\"heading.default\">\n\t\t\t\t\t<h3 class=\"elementor-heading-title elementor-size-default\">Revocaci\u00f3n de su consentimiento para el tratamiento de datos<\/h3>\t\t\t\t<\/div>\n\t\t\t\t<div class=\"elementor-element elementor-element-5fe0572 elementor-widget elementor-widget-text-editor\" data-id=\"5fe0572\" data-element_type=\"widget\" data-e-type=\"widget\" data-widget_type=\"text-editor.default\">\n\t\t\t\t\t\t\t\t\t<p>Algunos procesos de tratamiento de datos solo son posibles con su consentimiento expreso. Puede revocar su consentimiento en cualquier momento. Para ello, basta con enviar un correo electr\u00f3nico informal. La revocaci\u00f3n no afecta a la legalidad del tratamiento de datos realizado hasta el momento de la revocaci\u00f3n.   <\/p>\t\t\t\t\t\t\t\t<\/div>\n\t\t\t\t<div class=\"elementor-element elementor-element-bc9f14c elementor-widget elementor-widget-heading\" data-id=\"bc9f14c\" data-element_type=\"widget\" data-e-type=\"widget\" data-widget_type=\"heading.default\">\n\t\t\t\t\t<h3 class=\"elementor-heading-title elementor-size-default\">Derecho a presentar una reclamaci\u00f3n ante la autoridad de control competente.<\/h3>\t\t\t\t<\/div>\n\t\t\t\t<div class=\"elementor-element elementor-element-b28651a elementor-widget elementor-widget-text-editor\" data-id=\"b28651a\" data-element_type=\"widget\" data-e-type=\"widget\" data-widget_type=\"text-editor.default\">\n\t\t\t\t\t\t\t\t\t<p>Como persona afectada, en caso de infracci\u00f3n de la normativa de protecci\u00f3n de datos, tiene derecho a presentar una reclamaci\u00f3n ante la autoridad de control competente. La autoridad de control competente en materia de protecci\u00f3n de datos es el delegado de protecci\u00f3n de datos del estado federado en el que se encuentra la sede de nuestra empresa. El siguiente enlace proporciona una lista de los delegados de protecci\u00f3n de datos y sus datos de contacto: <a href=\"https:\/\/www.bfdi.bund.de\/DE\/Infothek\/Anschriften_Links\/anschriften_links-node.html\" target=\"_blank\" rel=\"noopener\">https:\/\/www.bfdi.bund.de\/DE\/Infothek\/Anschriften_Links\/anschriften_links-node.html.<\/a>  <\/p>\t\t\t\t\t\t\t\t<\/div>\n\t\t\t\t<div class=\"elementor-element elementor-element-fa36711 elementor-widget elementor-widget-heading\" data-id=\"fa36711\" data-element_type=\"widget\" data-e-type=\"widget\" data-widget_type=\"heading.default\">\n\t\t\t\t\t<h3 class=\"elementor-heading-title elementor-size-default\">Derecho a la portabilidad de los datos<\/h3>\t\t\t\t<\/div>\n\t\t\t\t<div class=\"elementor-element elementor-element-972e121 elementor-widget elementor-widget-text-editor\" data-id=\"972e121\" data-element_type=\"widget\" data-e-type=\"widget\" data-widget_type=\"text-editor.default\">\n\t\t\t\t\t\t\t\t\t<p>Tiene derecho a que le entreguemos a usted o a terceros los datos que tratamos de forma automatizada sobre la base de su consentimiento o en cumplimiento de un contrato. La entrega se realizar\u00e1 en un formato legible por m\u00e1quina. Si solicita la transferencia directa de los datos a otro responsable, esta solo se llevar\u00e1 a cabo en la medida en que sea t\u00e9cnicamente posible.  <\/p>\t\t\t\t\t\t\t\t<\/div>\n\t\t\t\t<div class=\"elementor-element elementor-element-fe04540 elementor-widget elementor-widget-heading\" data-id=\"fe04540\" data-element_type=\"widget\" data-e-type=\"widget\" data-widget_type=\"heading.default\">\n\t\t\t\t\t<h3 class=\"elementor-heading-title elementor-size-default\">Derecho de acceso, rectificaci\u00f3n, bloqueo y supresi\u00f3n<\/h3>\t\t\t\t<\/div>\n\t\t\t\t<div class=\"elementor-element elementor-element-684a3c0 elementor-widget elementor-widget-text-editor\" data-id=\"684a3c0\" data-element_type=\"widget\" data-e-type=\"widget\" data-widget_type=\"text-editor.default\">\n\t\t\t\t\t\t\t\t\t<p>En cualquier momento, y dentro del marco de las disposiciones legales vigentes, tiene derecho a obtener informaci\u00f3n gratuita sobre sus datos personales almacenados, el origen de los datos, sus destinatarios y la finalidad del tratamiento de los datos y, en su caso, derecho a rectificar, bloquear o eliminar dichos datos. A este respecto, y para cualquier otra pregunta relacionada con los datos personales, puede ponerse en contacto con nosotros en cualquier momento a trav\u00e9s de los datos de contacto que figuran en el aviso legal. <\/p>\t\t\t\t\t\t\t\t<\/div>\n\t\t\t\t<div class=\"elementor-element elementor-element-9437593 elementor-widget elementor-widget-heading\" data-id=\"9437593\" data-element_type=\"widget\" data-e-type=\"widget\" data-widget_type=\"heading.default\">\n\t\t\t\t\t<h3 class=\"elementor-heading-title elementor-size-default\">Cifrado SSL o TLS<\/h3>\t\t\t\t<\/div>\n\t\t\t\t<div class=\"elementor-element elementor-element-8782a3e elementor-widget elementor-widget-text-editor\" data-id=\"8782a3e\" data-element_type=\"widget\" data-e-type=\"widget\" data-widget_type=\"text-editor.default\">\n\t\t\t\t\t\t\t\t\t<p>Por motivos de seguridad y para proteger la transmisi\u00f3n de contenidos confidenciales que nos env\u00eda como operador del sitio web, nuestro sitio web utiliza cifrado SSL o TLS. De este modo, los datos que transmite a trav\u00e9s de este sitio web no pueden ser le\u00eddos por terceros. Puede reconocer una conexi\u00f3n cifrada por la barra de direcciones \u00abhttps:\/\/\u00bb de su navegador y por el s\u00edmbolo del candado en la barra del navegador.   <\/p>\t\t\t\t\t\t\t\t<\/div>\n\t\t\t\t<\/div>\n\t\t<div class=\"elementor-element elementor-element-f9147d0 e-con-full e-flex e-con e-parent\" data-id=\"f9147d0\" data-element_type=\"container\" data-e-type=\"container\" data-settings=\"{&quot;jet_parallax_layout_list&quot;:[],&quot;background_background&quot;:&quot;classic&quot;}\">\n\t\t\t\t<div class=\"elementor-element elementor-element-d25f238 elementor-widget elementor-widget-heading\" data-id=\"d25f238\" data-element_type=\"widget\" data-e-type=\"widget\" data-widget_type=\"heading.default\">\n\t\t\t\t\t<h2 class=\"elementor-heading-title elementor-size-default\">Archivos de registro del servidor<\/h2>\t\t\t\t<\/div>\n\t\t\t\t<div class=\"elementor-element elementor-element-425bbdb elementor-widget elementor-widget-text-editor\" data-id=\"425bbdb\" data-element_type=\"widget\" data-e-type=\"widget\" data-widget_type=\"text-editor.default\">\n\t\t\t\t\t\t\t\t\t<p>En los archivos de registro del servidor, el proveedor del sitio web recopila y almacena autom\u00e1ticamente la informaci\u00f3n que su navegador nos transmite autom\u00e1ticamente. Se trata de: <\/p><ul><li><p>P\u00e1gina visitada en nuestro dominio<\/p><\/li><li><p>Fecha y hora de la solicitud del servidor<\/p><\/li><li><p>Tipo y versi\u00f3n del navegador<\/p><\/li><li><p>Sistema operativo utilizado<\/p><\/li><li><p>URL de referencia<\/p><\/li><li><p>Nombre de host del ordenador que accede<\/p><\/li><li><p>direcci\u00f3n IP<\/p><\/li><\/ul><p>Estos datos son t\u00e9cnicamente necesarios para poder mostrarle nuestro sitio web y garantizar su estabilidad y seguridad. (La base jur\u00eddica del tratamiento de datos es el art\u00edculo 6, apartado 1, letra f) del RGPD). Estos datos no se combinan con otras fuentes de datos.  <\/p>\t\t\t\t\t\t\t\t<\/div>\n\t\t\t\t<\/div>\n\t\t<div class=\"elementor-element elementor-element-bd766e6 e-con-full e-flex e-con e-parent\" data-id=\"bd766e6\" data-element_type=\"container\" data-e-type=\"container\" data-settings=\"{&quot;jet_parallax_layout_list&quot;:[],&quot;background_background&quot;:&quot;classic&quot;}\">\n\t\t\t\t<div class=\"elementor-element elementor-element-2b5e031 elementor-widget elementor-widget-heading\" data-id=\"2b5e031\" data-element_type=\"widget\" data-e-type=\"widget\" data-widget_type=\"heading.default\">\n\t\t\t\t\t<h2 class=\"elementor-heading-title elementor-size-default\">Formulario de contacto<\/h2>\t\t\t\t<\/div>\n\t\t\t\t<div class=\"elementor-element elementor-element-b27e024 elementor-widget elementor-widget-text-editor\" data-id=\"b27e024\" data-element_type=\"widget\" data-e-type=\"widget\" data-widget_type=\"text-editor.default\">\n\t\t\t\t\t\t\t\t\t<p>Los datos transmitidos a trav\u00e9s del formulario de contacto se almacenan, incluidos sus datos de contacto, para poder tramitar su solicitud o estar disponibles para preguntas posteriores. Estos datos no se transmitir\u00e1n sin su consentimiento. <\/p><p>Dependiendo del tipo de solicitud, la base jur\u00eddica para este tratamiento es el art\u00edculo 6, apartado 1, letra b) del RGPD para las solicitudes que usted mismo realice en el marco de una medida precontractual, o el art\u00edculo 6, apartado 1, frase 1, letra f) del RGPD si su solicitud es de otro tipo. Si se solicitan datos personales que no necesitamos para el cumplimiento de un contrato o para la salvaguarda de intereses leg\u00edtimos, la transmisi\u00f3n a nosotros se realiza sobre la base de su consentimiento, de conformidad con el art\u00edculo 6, apartado 1, letra a) del RGPD, sin que ello afecte a la revocaci\u00f3n.       <\/p><p>Los datos transmitidos a trav\u00e9s del formulario de contacto permanecer\u00e1n en nuestro poder hasta que usted solicite su eliminaci\u00f3n, revoque su consentimiento para su almacenamiento o ya no sea necesario almacenarlos. Las disposiciones legales obligatorias, en particular los plazos de conservaci\u00f3n, no se ver\u00e1n afectadas. <\/p>\t\t\t\t\t\t\t\t<\/div>\n\t\t\t\t<\/div>\n\t\t<div class=\"elementor-element elementor-element-4217833 e-con-full e-flex e-con e-parent\" data-id=\"4217833\" data-element_type=\"container\" data-e-type=\"container\" data-settings=\"{&quot;jet_parallax_layout_list&quot;:[],&quot;background_background&quot;:&quot;classic&quot;}\">\n\t\t\t\t<div class=\"elementor-element elementor-element-b11f63b elementor-widget elementor-widget-heading\" data-id=\"b11f63b\" data-element_type=\"widget\" data-e-type=\"widget\" data-widget_type=\"heading.default\">\n\t\t\t\t\t<h2 class=\"elementor-heading-title elementor-size-default\">Cookie de Borlab<\/h2>\t\t\t\t<\/div>\n\t\t\t\t<div class=\"elementor-element elementor-element-15c6f1c elementor-widget elementor-widget-text-editor\" data-id=\"15c6f1c\" data-element_type=\"widget\" data-e-type=\"widget\" data-widget_type=\"text-editor.default\">\n\t\t\t\t\t\t\t\t\t<p>Este sitio web utiliza Borlabs Cookie, que establece una cookie t\u00e9cnicamente necesaria (borlabs-cookie) para almacenar su consentimiento sobre las cookies. Borlabs Cookie no procesa ning\u00fan dato personal. En la cookie borlabs-cookie se almacenan los consentimientos que ha dado al acceder al sitio web. Si desea revocar estos consentimientos, simplemente elimine la cookie de su navegador. Cuando vuelva a acceder al sitio web o lo recargue, se le volver\u00e1 a pedir su consentimiento para las cookies.    <\/p>\t\t\t\t\t\t\t\t<\/div>\n\t\t\t\t<\/div>\n\t\t<div class=\"elementor-element elementor-element-502840b e-con-full e-flex e-con e-parent\" data-id=\"502840b\" data-element_type=\"container\" data-e-type=\"container\" data-settings=\"{&quot;jet_parallax_layout_list&quot;:[],&quot;background_background&quot;:&quot;classic&quot;}\">\n\t\t\t\t<div class=\"elementor-element elementor-element-e444452 elementor-widget elementor-widget-heading\" data-id=\"e444452\" data-element_type=\"widget\" data-e-type=\"widget\" data-widget_type=\"heading.default\">\n\t\t\t\t\t<h2 class=\"elementor-heading-title elementor-size-default\">PayPal<\/h2>\t\t\t\t<\/div>\n\t\t\t\t<div class=\"elementor-element elementor-element-25304f2 elementor-widget elementor-widget-text-editor\" data-id=\"25304f2\" data-element_type=\"widget\" data-e-type=\"widget\" data-widget_type=\"text-editor.default\">\n\t\t\t\t\t\t\t\t\t<p>Nuestra p\u00e1gina web permite realizar pagos a trav\u00e9s de PayPal. El proveedor del servicio de pago es PayPal (Europe) S.\u00e0.r.l. et Cie, S.C.A., 22-24 Boulevard Royal, L-2449 Luxemburgo.<\/p><p>Si paga con PayPal, los datos de pago que haya introducido se transmitir\u00e1n a PayPal.<\/p><p>La transmisi\u00f3n de sus datos a PayPal se realiza sobre la base del art\u00edculo 6, apartado 1, letra a) del RGPD (consentimiento) y del art\u00edculo 6, apartado 1, letra b) del RGPD (tratamiento para el cumplimiento de un contrato). Puede revocar su consentimiento en cualquier momento. Las operaciones de tratamiento de datos realizadas en el pasado seguir\u00e1n siendo v\u00e1lidas en caso de revocaci\u00f3n.      <\/p>\t\t\t\t\t\t\t\t<\/div>\n\t\t\t\t<div class=\"elementor-element elementor-element-3bd0b85 elementor-widget elementor-widget-text-editor\" data-id=\"3bd0b85\" data-element_type=\"widget\" data-e-type=\"widget\" data-widget_type=\"text-editor.default\">\n\t\t\t\t\t\t\t\t\t<p>Fuente: Configurador de protecci\u00f3n de datos de <a href=\"https:\/\/www.hub24.de\" target=\"_blank\" rel=\"noopener\">Herold Unternehmensberatung<\/a><\/p>\t\t\t\t\t\t\t\t<\/div>\n\t\t\t\t<\/div>\n\t\t\t\t<\/div>\n\t\t","protected":false},"excerpt":{"rendered":"<p>Declaraci\u00f3n de protecci\u00f3n de datos Aviso general e informaci\u00f3n obligatoria Denominaci\u00f3n del organismo responsable El responsable del tratamiento de los datos en este sitio web es: Eazy Vial World S.L.Henry JeschkeCarrer Gran Via Puig Casellet 1, Bloque 207180 Santa Pon\u00e7a El responsable decide, solo o junto con otros, los fines y medios del tratamiento de [&hellip;]<\/p>\n","protected":false},"author":1,"featured_media":0,"parent":0,"menu_order":0,"comment_status":"closed","ping_status":"closed","template":"elementor_theme","meta":{"footnotes":""},"class_list":["post-1363","page","type-page","status-publish","hentry"],"yoast_head":"<!-- This site is optimized with the Yoast SEO plugin v27.2 - https:\/\/yoast.com\/product\/yoast-seo-wordpress\/ -->\n<title>Protecci\u00f3n de datos - Eazy Vital World<\/title>\n<meta name=\"robots\" content=\"index, follow, max-snippet:-1, max-image-preview:large, max-video-preview:-1\" \/>\n<link rel=\"canonical\" href=\"https:\/\/eazy-vital-world.com\/es\/proteccion-de-datos\/\" \/>\n<meta property=\"og:locale\" content=\"es_ES\" \/>\n<meta property=\"og:type\" content=\"article\" \/>\n<meta property=\"og:title\" content=\"Protecci\u00f3n de datos - Eazy Vital World\" \/>\n<meta property=\"og:description\" content=\"Declaraci\u00f3n de protecci\u00f3n de datos Aviso general e informaci\u00f3n obligatoria Denominaci\u00f3n del organismo responsable El responsable del tratamiento de los datos en este sitio web es: Eazy Vial World S.L.Henry JeschkeCarrer Gran Via Puig Casellet 1, Bloque 207180 Santa Pon\u00e7a El responsable decide, solo o junto con otros, los fines y medios del tratamiento de [&hellip;]\" \/>\n<meta property=\"og:url\" content=\"https:\/\/eazy-vital-world.com\/es\/proteccion-de-datos\/\" \/>\n<meta property=\"og:site_name\" content=\"Eazy Vital World\" \/>\n<meta property=\"article:modified_time\" content=\"2025-10-01T16:30:36+00:00\" \/>\n<meta name=\"twitter:card\" content=\"summary_large_image\" \/>\n<meta name=\"twitter:label1\" content=\"Tiempo de lectura\" \/>\n\t<meta name=\"twitter:data1\" content=\"5 minutos\" \/>\n<script type=\"application\/ld+json\" class=\"yoast-schema-graph\">{\"@context\":\"https:\/\/schema.org\",\"@graph\":[{\"@type\":\"WebPage\",\"@id\":\"https:\/\/eazy-vital-world.com\/es\/proteccion-de-datos\/\",\"url\":\"https:\/\/eazy-vital-world.com\/es\/proteccion-de-datos\/\",\"name\":\"Protecci\u00f3n de datos - Eazy Vital World\",\"isPartOf\":{\"@id\":\"https:\/\/eazy-vital-world.com\/es\/#website\"},\"datePublished\":\"2020-06-22T19:53:05+00:00\",\"dateModified\":\"2025-10-01T16:30:36+00:00\",\"breadcrumb\":{\"@id\":\"https:\/\/eazy-vital-world.com\/es\/proteccion-de-datos\/#breadcrumb\"},\"inLanguage\":\"es\",\"potentialAction\":[{\"@type\":\"ReadAction\",\"target\":[\"https:\/\/eazy-vital-world.com\/es\/proteccion-de-datos\/\"]}]},{\"@type\":\"BreadcrumbList\",\"@id\":\"https:\/\/eazy-vital-world.com\/es\/proteccion-de-datos\/#breadcrumb\",\"itemListElement\":[{\"@type\":\"ListItem\",\"position\":1,\"name\":\"Home\",\"item\":\"https:\/\/eazy-vital-world.com\/es\/inicio\/\"},{\"@type\":\"ListItem\",\"position\":2,\"name\":\"Protecci\u00f3n de datos\"}]},{\"@type\":\"WebSite\",\"@id\":\"https:\/\/eazy-vital-world.com\/es\/#website\",\"url\":\"https:\/\/eazy-vital-world.com\/es\/\",\"name\":\"Eazy Vital World\",\"description\":\"Entspannt zur Traumfigur\",\"publisher\":{\"@id\":\"https:\/\/eazy-vital-world.com\/es\/#organization\"},\"potentialAction\":[{\"@type\":\"SearchAction\",\"target\":{\"@type\":\"EntryPoint\",\"urlTemplate\":\"https:\/\/eazy-vital-world.com\/es\/?s={search_term_string}\"},\"query-input\":{\"@type\":\"PropertyValueSpecification\",\"valueRequired\":true,\"valueName\":\"search_term_string\"}}],\"inLanguage\":\"es\"},{\"@type\":\"Organization\",\"@id\":\"https:\/\/eazy-vital-world.com\/es\/#organization\",\"name\":\"Eazy Vital World\",\"url\":\"https:\/\/eazy-vital-world.com\/es\/\",\"logo\":{\"@type\":\"ImageObject\",\"inLanguage\":\"es\",\"@id\":\"https:\/\/eazy-vital-world.com\/es\/#\/schema\/logo\/image\/\",\"url\":\"https:\/\/eazy-vital-world.com\/wp-content\/uploads\/2020\/06\/logo_eazyvital_quer_color-negativ.svg\",\"contentUrl\":\"https:\/\/eazy-vital-world.com\/wp-content\/uploads\/2020\/06\/logo_eazyvital_quer_color-negativ.svg\",\"width\":697.06,\"height\":224.66,\"caption\":\"Eazy Vital World\"},\"image\":{\"@id\":\"https:\/\/eazy-vital-world.com\/es\/#\/schema\/logo\/image\/\"}}]}<\/script>\n<!-- \/ Yoast SEO plugin. -->","yoast_head_json":{"title":"Protecci\u00f3n de datos - Eazy Vital World","robots":{"index":"index","follow":"follow","max-snippet":"max-snippet:-1","max-image-preview":"max-image-preview:large","max-video-preview":"max-video-preview:-1"},"canonical":"https:\/\/eazy-vital-world.com\/es\/proteccion-de-datos\/","og_locale":"es_ES","og_type":"article","og_title":"Protecci\u00f3n de datos - Eazy Vital World","og_description":"Declaraci\u00f3n de protecci\u00f3n de datos Aviso general e informaci\u00f3n obligatoria Denominaci\u00f3n del organismo responsable El responsable del tratamiento de los datos en este sitio web es: Eazy Vial World S.L.Henry JeschkeCarrer Gran Via Puig Casellet 1, Bloque 207180 Santa Pon\u00e7a El responsable decide, solo o junto con otros, los fines y medios del tratamiento de [&hellip;]","og_url":"https:\/\/eazy-vital-world.com\/es\/proteccion-de-datos\/","og_site_name":"Eazy Vital World","article_modified_time":"2025-10-01T16:30:36+00:00","twitter_card":"summary_large_image","twitter_misc":{"Tiempo de lectura":"5 minutos"},"schema":{"@context":"https:\/\/schema.org","@graph":[{"@type":"WebPage","@id":"https:\/\/eazy-vital-world.com\/es\/proteccion-de-datos\/","url":"https:\/\/eazy-vital-world.com\/es\/proteccion-de-datos\/","name":"Protecci\u00f3n de datos - Eazy Vital World","isPartOf":{"@id":"https:\/\/eazy-vital-world.com\/es\/#website"},"datePublished":"2020-06-22T19:53:05+00:00","dateModified":"2025-10-01T16:30:36+00:00","breadcrumb":{"@id":"https:\/\/eazy-vital-world.com\/es\/proteccion-de-datos\/#breadcrumb"},"inLanguage":"es","potentialAction":[{"@type":"ReadAction","target":["https:\/\/eazy-vital-world.com\/es\/proteccion-de-datos\/"]}]},{"@type":"BreadcrumbList","@id":"https:\/\/eazy-vital-world.com\/es\/proteccion-de-datos\/#breadcrumb","itemListElement":[{"@type":"ListItem","position":1,"name":"Home","item":"https:\/\/eazy-vital-world.com\/es\/inicio\/"},{"@type":"ListItem","position":2,"name":"Protecci\u00f3n de datos"}]},{"@type":"WebSite","@id":"https:\/\/eazy-vital-world.com\/es\/#website","url":"https:\/\/eazy-vital-world.com\/es\/","name":"Eazy Vital World","description":"Entspannt zur Traumfigur","publisher":{"@id":"https:\/\/eazy-vital-world.com\/es\/#organization"},"potentialAction":[{"@type":"SearchAction","target":{"@type":"EntryPoint","urlTemplate":"https:\/\/eazy-vital-world.com\/es\/?s={search_term_string}"},"query-input":{"@type":"PropertyValueSpecification","valueRequired":true,"valueName":"search_term_string"}}],"inLanguage":"es"},{"@type":"Organization","@id":"https:\/\/eazy-vital-world.com\/es\/#organization","name":"Eazy Vital World","url":"https:\/\/eazy-vital-world.com\/es\/","logo":{"@type":"ImageObject","inLanguage":"es","@id":"https:\/\/eazy-vital-world.com\/es\/#\/schema\/logo\/image\/","url":"https:\/\/eazy-vital-world.com\/wp-content\/uploads\/2020\/06\/logo_eazyvital_quer_color-negativ.svg","contentUrl":"https:\/\/eazy-vital-world.com\/wp-content\/uploads\/2020\/06\/logo_eazyvital_quer_color-negativ.svg","width":697.06,"height":224.66,"caption":"Eazy Vital World"},"image":{"@id":"https:\/\/eazy-vital-world.com\/es\/#\/schema\/logo\/image\/"}}]}},"_links":{"self":[{"href":"https:\/\/eazy-vital-world.com\/es\/wp-json\/wp\/v2\/pages\/1363","targetHints":{"allow":["GET"]}}],"collection":[{"href":"https:\/\/eazy-vital-world.com\/es\/wp-json\/wp\/v2\/pages"}],"about":[{"href":"https:\/\/eazy-vital-world.com\/es\/wp-json\/wp\/v2\/types\/page"}],"author":[{"embeddable":true,"href":"https:\/\/eazy-vital-world.com\/es\/wp-json\/wp\/v2\/users\/1"}],"replies":[{"embeddable":true,"href":"https:\/\/eazy-vital-world.com\/es\/wp-json\/wp\/v2\/comments?post=1363"}],"version-history":[{"count":1,"href":"https:\/\/eazy-vital-world.com\/es\/wp-json\/wp\/v2\/pages\/1363\/revisions"}],"predecessor-version":[{"id":1364,"href":"https:\/\/eazy-vital-world.com\/es\/wp-json\/wp\/v2\/pages\/1363\/revisions\/1364"}],"wp:attachment":[{"href":"https:\/\/eazy-vital-world.com\/es\/wp-json\/wp\/v2\/media?parent=1363"}],"curies":[{"name":"wp","href":"https:\/\/api.w.org\/{rel}","templated":true}]}}